{"id":148,"date":"2021-02-03T14:24:10","date_gmt":"2021-02-03T14:24:10","guid":{"rendered":"http:\/\/telis.ms.decms.eu\/?page_id=148"},"modified":"2022-12-27T10:06:15","modified_gmt":"2022-12-27T10:06:15","slug":"wellnesscenter-spa-bellavista","status":"publish","type":"page","link":"https:\/\/www.telisarbatax.com\/de\/wellnesscenter-spa-bellavista\/","title":{"rendered":"Wellnesscenter &amp; SPA Bellavista"},"content":{"rendered":"<p><strong>Wellnesscenter &amp; SPA Bellavista<\/strong> befindet sich innerhalb des Arbatax Park Resorts, einer 60 Hektar gro\u00dfen Anlage mit 7 Hotels, mit Blick auf die wundersch\u00f6ne Ostk\u00fcste von Ogliastra, Sardinien.<\/p>\n<p>Es entstand 2010 aus dem Umbau des prestigetr\u00e4chtigen und avantgardistischsten <strong>Reitsportzentrums<\/strong> in Europa, das in der Vergangenheit bis zu 60 Pferde aller Rassen beherbergte.<br \/>\nHeute kann man auf der Terrasse am Eingang des SPA, die den gro\u00dfen Au\u00dfenpool des Wellness-Centers \u00fcberblickt, <strong>die k\u00fcnstlerische Arbeit eines Pferdekopfes <\/strong>bewundern, die an die Urspr\u00fcnge dieses Ortes erinnert.<\/p>\n","protected":false},"excerpt":{"rendered":"<p>Wellnesscenter &amp; SPA Bellavista befindet sich innerhalb des Arbatax Park Resorts, einer 60 Hektar gro\u00dfen Anlage mit 7 Hotels, mit Blick auf die wundersch\u00f6ne Ostk\u00fcste von Ogliastra, Sardinien. Es entstand 2010 aus dem Umbau des prestigetr\u00e4chtigen und avantgardistischsten Reitsportzentrums in Europa, das in der Vergangenheit bis zu 60 Pferde aller Rassen beherbergte. Heute kann man [&hellip;]<\/p>\n","protected":false},"author":7,"featured_media":0,"parent":0,"menu_order":35,"comment_status":"closed","ping_status":"closed","template":"","meta":{"footnotes":""},"class_list":["post-148","page","type-page","status-publish","hentry"],"yoast_head":"<!-- This site is optimized with the Yoast SEO plugin v26.9 - https:\/\/yoast.com\/product\/yoast-seo-wordpress\/ -->\n<title>Wellnesscenter &amp; SPA Bellavista - Telis<\/title>\n<meta name=\"robots\" content=\"index, follow, max-snippet:-1, max-image-preview:large, max-video-preview:-1\" \/>\n<link rel=\"canonical\" href=\"https:\/\/www.telisarbatax.com\/de\/wellnesscenter-spa-bellavista\/\" \/>\n<meta property=\"og:locale\" content=\"de_DE\" \/>\n<meta property=\"og:type\" content=\"article\" \/>\n<meta property=\"og:title\" content=\"Wellnesscenter &amp; SPA Bellavista - Telis\" \/>\n<meta property=\"og:description\" content=\"Wellnesscenter &amp; SPA Bellavista befindet sich innerhalb des Arbatax Park Resorts, einer 60 Hektar gro\u00dfen Anlage mit 7 Hotels, mit Blick auf die wundersch\u00f6ne Ostk\u00fcste von Ogliastra, Sardinien. Es entstand 2010 aus dem Umbau des prestigetr\u00e4chtigen und avantgardistischsten Reitsportzentrums in Europa, das in der Vergangenheit bis zu 60 Pferde aller Rassen beherbergte. Heute kann man [&hellip;]\" \/>\n<meta property=\"og:url\" content=\"https:\/\/www.telisarbatax.com\/de\/wellnesscenter-spa-bellavista\/\" \/>\n<meta property=\"og:site_name\" content=\"Telis\" \/>\n<meta property=\"article:modified_time\" content=\"2022-12-27T10:06:15+00:00\" \/>\n<meta name=\"twitter:card\" content=\"summary_large_image\" \/>\n<meta name=\"twitter:label1\" content=\"Gesch\u00e4tzte Lesezeit\" \/>\n\t<meta name=\"twitter:data1\" content=\"1 Minute\" \/>\n<script type=\"application\/ld+json\" class=\"yoast-schema-graph\">{\"@context\":\"https:\/\/schema.org\",\"@graph\":[{\"@type\":\"WebPage\",\"@id\":\"https:\/\/www.telisarbatax.com\/de\/wellnesscenter-spa-bellavista\/\",\"url\":\"https:\/\/www.telisarbatax.com\/de\/wellnesscenter-spa-bellavista\/\",\"name\":\"Wellnesscenter &amp; SPA Bellavista - Telis\",\"isPartOf\":{\"@id\":\"https:\/\/www.telisarbatax.com\/de\/#website\"},\"datePublished\":\"2021-02-03T14:24:10+00:00\",\"dateModified\":\"2022-12-27T10:06:15+00:00\",\"breadcrumb\":{\"@id\":\"https:\/\/www.telisarbatax.com\/de\/wellnesscenter-spa-bellavista\/#breadcrumb\"},\"inLanguage\":\"de-DE\",\"potentialAction\":[{\"@type\":\"ReadAction\",\"target\":[\"https:\/\/www.telisarbatax.com\/de\/wellnesscenter-spa-bellavista\/\"]}]},{\"@type\":\"BreadcrumbList\",\"@id\":\"https:\/\/www.telisarbatax.com\/de\/wellnesscenter-spa-bellavista\/#breadcrumb\",\"itemListElement\":[{\"@type\":\"ListItem\",\"position\":1,\"name\":\"Home\",\"item\":\"https:\/\/www.telisarbatax.com\/de\/\"},{\"@type\":\"ListItem\",\"position\":2,\"name\":\"Wellnesscenter &amp; SPA Bellavista\"}]},{\"@type\":\"WebSite\",\"@id\":\"https:\/\/www.telisarbatax.com\/de\/#website\",\"url\":\"https:\/\/www.telisarbatax.com\/de\/\",\"name\":\"Telis\",\"description\":\"Just another ms.decms.eu site\",\"potentialAction\":[{\"@type\":\"SearchAction\",\"target\":{\"@type\":\"EntryPoint\",\"urlTemplate\":\"https:\/\/www.telisarbatax.com\/de\/?s={search_term_string}\"},\"query-input\":{\"@type\":\"PropertyValueSpecification\",\"valueRequired\":true,\"valueName\":\"search_term_string\"}}],\"inLanguage\":\"de-DE\"}]}<\/script>\n<!-- \/ Yoast SEO plugin. -->","yoast_head_json":{"title":"Wellnesscenter &amp; SPA Bellavista - Telis","robots":{"index":"index","follow":"follow","max-snippet":"max-snippet:-1","max-image-preview":"max-image-preview:large","max-video-preview":"max-video-preview:-1"},"canonical":"https:\/\/www.telisarbatax.com\/de\/wellnesscenter-spa-bellavista\/","og_locale":"de_DE","og_type":"article","og_title":"Wellnesscenter &amp; SPA Bellavista - Telis","og_description":"Wellnesscenter &amp; SPA Bellavista befindet sich innerhalb des Arbatax Park Resorts, einer 60 Hektar gro\u00dfen Anlage mit 7 Hotels, mit Blick auf die wundersch\u00f6ne Ostk\u00fcste von Ogliastra, Sardinien. Es entstand 2010 aus dem Umbau des prestigetr\u00e4chtigen und avantgardistischsten Reitsportzentrums in Europa, das in der Vergangenheit bis zu 60 Pferde aller Rassen beherbergte. Heute kann man [&hellip;]","og_url":"https:\/\/www.telisarbatax.com\/de\/wellnesscenter-spa-bellavista\/","og_site_name":"Telis","article_modified_time":"2022-12-27T10:06:15+00:00","twitter_card":"summary_large_image","twitter_misc":{"Gesch\u00e4tzte Lesezeit":"1 Minute"},"schema":{"@context":"https:\/\/schema.org","@graph":[{"@type":"WebPage","@id":"https:\/\/www.telisarbatax.com\/de\/wellnesscenter-spa-bellavista\/","url":"https:\/\/www.telisarbatax.com\/de\/wellnesscenter-spa-bellavista\/","name":"Wellnesscenter &amp; SPA Bellavista - Telis","isPartOf":{"@id":"https:\/\/www.telisarbatax.com\/de\/#website"},"datePublished":"2021-02-03T14:24:10+00:00","dateModified":"2022-12-27T10:06:15+00:00","breadcrumb":{"@id":"https:\/\/www.telisarbatax.com\/de\/wellnesscenter-spa-bellavista\/#breadcrumb"},"inLanguage":"de-DE","potentialAction":[{"@type":"ReadAction","target":["https:\/\/www.telisarbatax.com\/de\/wellnesscenter-spa-bellavista\/"]}]},{"@type":"BreadcrumbList","@id":"https:\/\/www.telisarbatax.com\/de\/wellnesscenter-spa-bellavista\/#breadcrumb","itemListElement":[{"@type":"ListItem","position":1,"name":"Home","item":"https:\/\/www.telisarbatax.com\/de\/"},{"@type":"ListItem","position":2,"name":"Wellnesscenter &amp; SPA Bellavista"}]},{"@type":"WebSite","@id":"https:\/\/www.telisarbatax.com\/de\/#website","url":"https:\/\/www.telisarbatax.com\/de\/","name":"Telis","description":"Just another ms.decms.eu site","potentialAction":[{"@type":"SearchAction","target":{"@type":"EntryPoint","urlTemplate":"https:\/\/www.telisarbatax.com\/de\/?s={search_term_string}"},"query-input":{"@type":"PropertyValueSpecification","valueRequired":true,"valueName":"search_term_string"}}],"inLanguage":"de-DE"}]}},"acf":[],"_links":{"self":[{"href":"https:\/\/www.telisarbatax.com\/de\/wp-json\/wp\/v2\/pages\/148","targetHints":{"allow":["GET"]}}],"collection":[{"href":"https:\/\/www.telisarbatax.com\/de\/wp-json\/wp\/v2\/pages"}],"about":[{"href":"https:\/\/www.telisarbatax.com\/de\/wp-json\/wp\/v2\/types\/page"}],"author":[{"embeddable":true,"href":"https:\/\/www.telisarbatax.com\/de\/wp-json\/wp\/v2\/users\/7"}],"replies":[{"embeddable":true,"href":"https:\/\/www.telisarbatax.com\/de\/wp-json\/wp\/v2\/comments?post=148"}],"version-history":[{"count":0,"href":"https:\/\/www.telisarbatax.com\/de\/wp-json\/wp\/v2\/pages\/148\/revisions"}],"wp:attachment":[{"href":"https:\/\/www.telisarbatax.com\/de\/wp-json\/wp\/v2\/media?parent=148"}],"curies":[{"name":"wp","href":"https:\/\/api.w.org\/{rel}","templated":true}]}}