{"id":4,"date":"2021-01-19T13:05:03","date_gmt":"2021-01-19T13:05:03","guid":{"rendered":"http:\/\/telis.ms.decms.eu\/?page_id=4"},"modified":"2021-03-29T09:00:24","modified_gmt":"2021-03-29T09:00:24","slug":"telis","status":"publish","type":"page","link":"https:\/\/www.telisarbatax.com\/de\/","title":{"rendered":"Telis"},"content":{"rendered":"<p>An den H\u00e4ngen des weiten H\u00fcgels der <strong>Halbinsel Bellavista<\/strong>, umgeben von den Farben der <strong>mediterranen Macchia<\/strong>, heben sich die wei\u00dfen Mauern des <strong>Telis<\/strong> vom kr\u00e4ftigen Gr\u00fcn der G\u00e4rten, dem unendlichen Blau des Meeres und den bezaubernden Kaskaden der bl\u00fchenden <strong>Bougainvillea<\/strong> ab.<\/p>\n<p>Eine <strong>einladende Umgebung<\/strong> f\u00fcr die ganze Familie sowie das pulsierende Herz des Resorts. Ein einzigartiger Ort, an dem <strong>Tradition<\/strong> und Wohlbefinden \u00fcblich sind und wo das Konzept der Entspannung mit der Entdeckung der <strong>wilden Natur<\/strong>, die es umgibt, kombiniert wird.<\/p>\n","protected":false},"excerpt":{"rendered":"<p>An den H\u00e4ngen des weiten H\u00fcgels der Halbinsel Bellavista, umgeben von den Farben der mediterranen Macchia, heben sich die wei\u00dfen Mauern des Telis vom kr\u00e4ftigen Gr\u00fcn der G\u00e4rten, dem unendlichen Blau des Meeres und den bezaubernden Kaskaden der bl\u00fchenden Bougainvillea ab. Eine einladende Umgebung f\u00fcr die ganze Familie sowie das pulsierende Herz des Resorts. Ein [&hellip;]<\/p>\n","protected":false},"author":17,"featured_media":0,"parent":0,"menu_order":0,"comment_status":"closed","ping_status":"open","template":"","meta":{"footnotes":""},"class_list":["post-4","page","type-page","status-publish","hentry"],"yoast_head":"<!-- This site is optimized with the Yoast SEO plugin v26.9 - https:\/\/yoast.com\/product\/yoast-seo-wordpress\/ -->\n<title>Telis - Telis<\/title>\n<meta name=\"robots\" content=\"index, follow, max-snippet:-1, max-image-preview:large, max-video-preview:-1\" \/>\n<link rel=\"canonical\" href=\"https:\/\/www.telisarbatax.com\/de\/\" \/>\n<meta property=\"og:locale\" content=\"de_DE\" \/>\n<meta property=\"og:type\" content=\"article\" \/>\n<meta property=\"og:title\" content=\"Telis - Telis\" \/>\n<meta property=\"og:description\" content=\"An den H\u00e4ngen des weiten H\u00fcgels der Halbinsel Bellavista, umgeben von den Farben der mediterranen Macchia, heben sich die wei\u00dfen Mauern des Telis vom kr\u00e4ftigen Gr\u00fcn der G\u00e4rten, dem unendlichen Blau des Meeres und den bezaubernden Kaskaden der bl\u00fchenden Bougainvillea ab. Eine einladende Umgebung f\u00fcr die ganze Familie sowie das pulsierende Herz des Resorts. Ein [&hellip;]\" \/>\n<meta property=\"og:url\" content=\"https:\/\/www.telisarbatax.com\/de\/\" \/>\n<meta property=\"og:site_name\" content=\"Telis\" \/>\n<meta property=\"article:modified_time\" content=\"2021-03-29T09:00:24+00:00\" \/>\n<meta name=\"twitter:card\" content=\"summary_large_image\" \/>\n<script type=\"application\/ld+json\" class=\"yoast-schema-graph\">{\"@context\":\"https:\/\/schema.org\",\"@graph\":[{\"@type\":\"WebPage\",\"@id\":\"https:\/\/www.telisarbatax.com\/de\/\",\"url\":\"https:\/\/www.telisarbatax.com\/de\/\",\"name\":\"Telis - Telis\",\"isPartOf\":{\"@id\":\"https:\/\/www.telisarbatax.com\/de\/#website\"},\"datePublished\":\"2021-01-19T13:05:03+00:00\",\"dateModified\":\"2021-03-29T09:00:24+00:00\",\"breadcrumb\":{\"@id\":\"https:\/\/www.telisarbatax.com\/de\/#breadcrumb\"},\"inLanguage\":\"de-DE\",\"potentialAction\":[{\"@type\":\"ReadAction\",\"target\":[\"https:\/\/www.telisarbatax.com\/de\/\"]}]},{\"@type\":\"BreadcrumbList\",\"@id\":\"https:\/\/www.telisarbatax.com\/de\/#breadcrumb\",\"itemListElement\":[{\"@type\":\"ListItem\",\"position\":1,\"name\":\"Home\",\"item\":\"https:\/\/www.telisarbatax.com\/de\/\"},{\"@type\":\"ListItem\",\"position\":2,\"name\":\"Telis\"}]},{\"@type\":\"WebSite\",\"@id\":\"https:\/\/www.telisarbatax.com\/de\/#website\",\"url\":\"https:\/\/www.telisarbatax.com\/de\/\",\"name\":\"Telis\",\"description\":\"Just another ms.decms.eu site\",\"potentialAction\":[{\"@type\":\"SearchAction\",\"target\":{\"@type\":\"EntryPoint\",\"urlTemplate\":\"https:\/\/www.telisarbatax.com\/de\/?s={search_term_string}\"},\"query-input\":{\"@type\":\"PropertyValueSpecification\",\"valueRequired\":true,\"valueName\":\"search_term_string\"}}],\"inLanguage\":\"de-DE\"}]}<\/script>\n<!-- \/ Yoast SEO plugin. -->","yoast_head_json":{"title":"Telis - Telis","robots":{"index":"index","follow":"follow","max-snippet":"max-snippet:-1","max-image-preview":"max-image-preview:large","max-video-preview":"max-video-preview:-1"},"canonical":"https:\/\/www.telisarbatax.com\/de\/","og_locale":"de_DE","og_type":"article","og_title":"Telis - Telis","og_description":"An den H\u00e4ngen des weiten H\u00fcgels der Halbinsel Bellavista, umgeben von den Farben der mediterranen Macchia, heben sich die wei\u00dfen Mauern des Telis vom kr\u00e4ftigen Gr\u00fcn der G\u00e4rten, dem unendlichen Blau des Meeres und den bezaubernden Kaskaden der bl\u00fchenden Bougainvillea ab. Eine einladende Umgebung f\u00fcr die ganze Familie sowie das pulsierende Herz des Resorts. Ein [&hellip;]","og_url":"https:\/\/www.telisarbatax.com\/de\/","og_site_name":"Telis","article_modified_time":"2021-03-29T09:00:24+00:00","twitter_card":"summary_large_image","schema":{"@context":"https:\/\/schema.org","@graph":[{"@type":"WebPage","@id":"https:\/\/www.telisarbatax.com\/de\/","url":"https:\/\/www.telisarbatax.com\/de\/","name":"Telis - Telis","isPartOf":{"@id":"https:\/\/www.telisarbatax.com\/de\/#website"},"datePublished":"2021-01-19T13:05:03+00:00","dateModified":"2021-03-29T09:00:24+00:00","breadcrumb":{"@id":"https:\/\/www.telisarbatax.com\/de\/#breadcrumb"},"inLanguage":"de-DE","potentialAction":[{"@type":"ReadAction","target":["https:\/\/www.telisarbatax.com\/de\/"]}]},{"@type":"BreadcrumbList","@id":"https:\/\/www.telisarbatax.com\/de\/#breadcrumb","itemListElement":[{"@type":"ListItem","position":1,"name":"Home","item":"https:\/\/www.telisarbatax.com\/de\/"},{"@type":"ListItem","position":2,"name":"Telis"}]},{"@type":"WebSite","@id":"https:\/\/www.telisarbatax.com\/de\/#website","url":"https:\/\/www.telisarbatax.com\/de\/","name":"Telis","description":"Just another ms.decms.eu site","potentialAction":[{"@type":"SearchAction","target":{"@type":"EntryPoint","urlTemplate":"https:\/\/www.telisarbatax.com\/de\/?s={search_term_string}"},"query-input":{"@type":"PropertyValueSpecification","valueRequired":true,"valueName":"search_term_string"}}],"inLanguage":"de-DE"}]}},"acf":[],"_links":{"self":[{"href":"https:\/\/www.telisarbatax.com\/de\/wp-json\/wp\/v2\/pages\/4","targetHints":{"allow":["GET"]}}],"collection":[{"href":"https:\/\/www.telisarbatax.com\/de\/wp-json\/wp\/v2\/pages"}],"about":[{"href":"https:\/\/www.telisarbatax.com\/de\/wp-json\/wp\/v2\/types\/page"}],"author":[{"embeddable":true,"href":"https:\/\/www.telisarbatax.com\/de\/wp-json\/wp\/v2\/users\/17"}],"replies":[{"embeddable":true,"href":"https:\/\/www.telisarbatax.com\/de\/wp-json\/wp\/v2\/comments?post=4"}],"version-history":[{"count":0,"href":"https:\/\/www.telisarbatax.com\/de\/wp-json\/wp\/v2\/pages\/4\/revisions"}],"wp:attachment":[{"href":"https:\/\/www.telisarbatax.com\/de\/wp-json\/wp\/v2\/media?parent=4"}],"curies":[{"name":"wp","href":"https:\/\/api.w.org\/{rel}","templated":true}]}}