{"id":43,"date":"2021-01-21T10:02:16","date_gmt":"2021-01-21T10:02:16","guid":{"rendered":"http:\/\/telis.ms.decms.eu\/?page_id=43"},"modified":"2023-06-10T13:38:45","modified_gmt":"2023-06-10T13:38:45","slug":"zimmer","status":"publish","type":"page","link":"https:\/\/www.telisarbatax.com\/de\/zimmer\/","title":{"rendered":"Zimmer"},"content":{"rendered":"<p>Umgeben saftigen G\u00e4rten f\u00e4llt Telis langsam zum Meer ab. Eingebettet in die bezaubernde Landschaft des Arbatax Park Resort, besteht es aus 311 Zimmern, Classic, Superior und Connecting, und ist aufgrund seiner Beschaffenheit besonders f\u00fcr Familienurlaube geeignet.<\/p>\n<p>Das Herz von Telis ist der gro\u00dfe Platz, auf dem sich alle wichtigen Dienstleistungen befinden, darunter Caf\u00e9s, Pools, Gesch\u00e4fte und Restaurants. Die G\u00e4ste der Telis k\u00f6nnen in den ihnen gegebenen <strong>Restaurants La Terrazza oder La Piazzetta essen<\/strong> oder, nach Reservierung und gegen Aufpreis, auch in den verschiedenen anderen Restaurants des <strong>Arbatax Park Resort<\/strong> speisen.<\/p>\n<p>WI-FI ist in den \u00f6ffentlichen Bereichen nutzbar und ist kostenfrei. <strong>Wenn Sie direkt auf unserer Internet Seite buchen, genie\u00dfen Sie besondere und exklusive Vorteile<\/strong>, z. B.: bei einer Buchung f\u00fcr 7 N\u00e4chte oder mehr, erhalten Sie einen kostenlosen kollektiven Transfer vom Flughafen Cagliari oder Olbia und einen freien Eintritt pro Person (ab 16 jahre), in unseren Wellnessbereich.<\/p>\n","protected":false},"excerpt":{"rendered":"<p>Umgeben saftigen G\u00e4rten f\u00e4llt Telis langsam zum Meer ab. Eingebettet in die bezaubernde Landschaft des Arbatax Park Resort, besteht es aus 311 Zimmern, Classic, Superior und Connecting, und ist aufgrund seiner Beschaffenheit besonders f\u00fcr Familienurlaube geeignet. Das Herz von Telis ist der gro\u00dfe Platz, auf dem sich alle wichtigen Dienstleistungen befinden, darunter Caf\u00e9s, Pools, Gesch\u00e4fte [&hellip;]<\/p>\n","protected":false},"author":7,"featured_media":0,"parent":0,"menu_order":5,"comment_status":"closed","ping_status":"closed","template":"template-rooms.php","meta":{"footnotes":""},"class_list":["post-43","page","type-page","status-publish","hentry"],"yoast_head":"<!-- This site is optimized with the Yoast SEO plugin v26.9 - https:\/\/yoast.com\/product\/yoast-seo-wordpress\/ -->\n<title>Zimmer - Telis<\/title>\n<meta name=\"robots\" content=\"index, follow, max-snippet:-1, max-image-preview:large, max-video-preview:-1\" \/>\n<link rel=\"canonical\" href=\"https:\/\/www.telisarbatax.com\/de\/zimmer\/\" \/>\n<meta property=\"og:locale\" content=\"de_DE\" \/>\n<meta property=\"og:type\" content=\"article\" \/>\n<meta property=\"og:title\" content=\"Zimmer - Telis\" \/>\n<meta property=\"og:description\" content=\"Umgeben saftigen G\u00e4rten f\u00e4llt Telis langsam zum Meer ab. Eingebettet in die bezaubernde Landschaft des Arbatax Park Resort, besteht es aus 311 Zimmern, Classic, Superior und Connecting, und ist aufgrund seiner Beschaffenheit besonders f\u00fcr Familienurlaube geeignet. Das Herz von Telis ist der gro\u00dfe Platz, auf dem sich alle wichtigen Dienstleistungen befinden, darunter Caf\u00e9s, Pools, Gesch\u00e4fte [&hellip;]\" \/>\n<meta property=\"og:url\" content=\"https:\/\/www.telisarbatax.com\/de\/zimmer\/\" \/>\n<meta property=\"og:site_name\" content=\"Telis\" \/>\n<meta property=\"article:modified_time\" content=\"2023-06-10T13:38:45+00:00\" \/>\n<meta name=\"twitter:card\" content=\"summary_large_image\" \/>\n<meta name=\"twitter:label1\" content=\"Gesch\u00e4tzte Lesezeit\" \/>\n\t<meta name=\"twitter:data1\" content=\"1 Minute\" \/>\n<script type=\"application\/ld+json\" class=\"yoast-schema-graph\">{\"@context\":\"https:\/\/schema.org\",\"@graph\":[{\"@type\":\"WebPage\",\"@id\":\"https:\/\/www.telisarbatax.com\/de\/zimmer\/\",\"url\":\"https:\/\/www.telisarbatax.com\/de\/zimmer\/\",\"name\":\"Zimmer - Telis\",\"isPartOf\":{\"@id\":\"https:\/\/www.telisarbatax.com\/de\/#website\"},\"datePublished\":\"2021-01-21T10:02:16+00:00\",\"dateModified\":\"2023-06-10T13:38:45+00:00\",\"breadcrumb\":{\"@id\":\"https:\/\/www.telisarbatax.com\/de\/zimmer\/#breadcrumb\"},\"inLanguage\":\"de-DE\",\"potentialAction\":[{\"@type\":\"ReadAction\",\"target\":[\"https:\/\/www.telisarbatax.com\/de\/zimmer\/\"]}]},{\"@type\":\"BreadcrumbList\",\"@id\":\"https:\/\/www.telisarbatax.com\/de\/zimmer\/#breadcrumb\",\"itemListElement\":[{\"@type\":\"ListItem\",\"position\":1,\"name\":\"Home\",\"item\":\"https:\/\/www.telisarbatax.com\/de\/\"},{\"@type\":\"ListItem\",\"position\":2,\"name\":\"Zimmer\"}]},{\"@type\":\"WebSite\",\"@id\":\"https:\/\/www.telisarbatax.com\/de\/#website\",\"url\":\"https:\/\/www.telisarbatax.com\/de\/\",\"name\":\"Telis\",\"description\":\"Just another ms.decms.eu site\",\"potentialAction\":[{\"@type\":\"SearchAction\",\"target\":{\"@type\":\"EntryPoint\",\"urlTemplate\":\"https:\/\/www.telisarbatax.com\/de\/?s={search_term_string}\"},\"query-input\":{\"@type\":\"PropertyValueSpecification\",\"valueRequired\":true,\"valueName\":\"search_term_string\"}}],\"inLanguage\":\"de-DE\"}]}<\/script>\n<!-- \/ Yoast SEO plugin. -->","yoast_head_json":{"title":"Zimmer - Telis","robots":{"index":"index","follow":"follow","max-snippet":"max-snippet:-1","max-image-preview":"max-image-preview:large","max-video-preview":"max-video-preview:-1"},"canonical":"https:\/\/www.telisarbatax.com\/de\/zimmer\/","og_locale":"de_DE","og_type":"article","og_title":"Zimmer - Telis","og_description":"Umgeben saftigen G\u00e4rten f\u00e4llt Telis langsam zum Meer ab. Eingebettet in die bezaubernde Landschaft des Arbatax Park Resort, besteht es aus 311 Zimmern, Classic, Superior und Connecting, und ist aufgrund seiner Beschaffenheit besonders f\u00fcr Familienurlaube geeignet. Das Herz von Telis ist der gro\u00dfe Platz, auf dem sich alle wichtigen Dienstleistungen befinden, darunter Caf\u00e9s, Pools, Gesch\u00e4fte [&hellip;]","og_url":"https:\/\/www.telisarbatax.com\/de\/zimmer\/","og_site_name":"Telis","article_modified_time":"2023-06-10T13:38:45+00:00","twitter_card":"summary_large_image","twitter_misc":{"Gesch\u00e4tzte Lesezeit":"1 Minute"},"schema":{"@context":"https:\/\/schema.org","@graph":[{"@type":"WebPage","@id":"https:\/\/www.telisarbatax.com\/de\/zimmer\/","url":"https:\/\/www.telisarbatax.com\/de\/zimmer\/","name":"Zimmer - Telis","isPartOf":{"@id":"https:\/\/www.telisarbatax.com\/de\/#website"},"datePublished":"2021-01-21T10:02:16+00:00","dateModified":"2023-06-10T13:38:45+00:00","breadcrumb":{"@id":"https:\/\/www.telisarbatax.com\/de\/zimmer\/#breadcrumb"},"inLanguage":"de-DE","potentialAction":[{"@type":"ReadAction","target":["https:\/\/www.telisarbatax.com\/de\/zimmer\/"]}]},{"@type":"BreadcrumbList","@id":"https:\/\/www.telisarbatax.com\/de\/zimmer\/#breadcrumb","itemListElement":[{"@type":"ListItem","position":1,"name":"Home","item":"https:\/\/www.telisarbatax.com\/de\/"},{"@type":"ListItem","position":2,"name":"Zimmer"}]},{"@type":"WebSite","@id":"https:\/\/www.telisarbatax.com\/de\/#website","url":"https:\/\/www.telisarbatax.com\/de\/","name":"Telis","description":"Just another ms.decms.eu site","potentialAction":[{"@type":"SearchAction","target":{"@type":"EntryPoint","urlTemplate":"https:\/\/www.telisarbatax.com\/de\/?s={search_term_string}"},"query-input":{"@type":"PropertyValueSpecification","valueRequired":true,"valueName":"search_term_string"}}],"inLanguage":"de-DE"}]}},"acf":[],"_links":{"self":[{"href":"https:\/\/www.telisarbatax.com\/de\/wp-json\/wp\/v2\/pages\/43","targetHints":{"allow":["GET"]}}],"collection":[{"href":"https:\/\/www.telisarbatax.com\/de\/wp-json\/wp\/v2\/pages"}],"about":[{"href":"https:\/\/www.telisarbatax.com\/de\/wp-json\/wp\/v2\/types\/page"}],"author":[{"embeddable":true,"href":"https:\/\/www.telisarbatax.com\/de\/wp-json\/wp\/v2\/users\/7"}],"replies":[{"embeddable":true,"href":"https:\/\/www.telisarbatax.com\/de\/wp-json\/wp\/v2\/comments?post=43"}],"version-history":[{"count":0,"href":"https:\/\/www.telisarbatax.com\/de\/wp-json\/wp\/v2\/pages\/43\/revisions"}],"wp:attachment":[{"href":"https:\/\/www.telisarbatax.com\/de\/wp-json\/wp\/v2\/media?parent=43"}],"curies":[{"name":"wp","href":"https:\/\/api.w.org\/{rel}","templated":true}]}}