{"id":111,"date":"2021-01-28T09:43:35","date_gmt":"2021-01-28T09:43:35","guid":{"rendered":"http:\/\/telis.ms.decms.eu\/?page_id=111"},"modified":"2022-06-21T16:21:55","modified_gmt":"2022-06-21T16:21:55","slug":"mar","status":"publish","type":"page","link":"https:\/\/www.telisarbatax.com\/es\/mar\/","title":{"rendered":"Mar"},"content":{"rendered":"<p>El Arbatax Park est\u00e1 ba\u00f1ado por el maravilloso mar de <strong>Ogliastra<\/strong>, considerado el m\u00e1s bello del Mediterr\u00e1neo, con las maravillosas calas del Parque Marino de Monte Santo, escenario de famosas pel\u00edculas ambientadas aqu\u00ed y de sesiones fotogr\u00e1ficas publicadas en revistas de todo el mundo.<\/p>\n<p>El Arbatax Park est\u00e1 rodeado de una costa accidentada, donde se encuentran un sinfin de bah\u00edas, algunas <strong>de<\/strong> <strong>arena<\/strong> delimitadas por piedras de granito pulido, otras formadas por piedras, guijarros y <strong>piscinas naturales<\/strong>. Hay terrazas de arena con vistas al mar, peque\u00f1as <strong>playas de arena<\/strong> y plataformas solarium de madera equipadas con sombrillas, tumbonas y hamacas.<\/p>\n","protected":false},"excerpt":{"rendered":"<p>El Arbatax Park est\u00e1 ba\u00f1ado por el maravilloso mar de Ogliastra, considerado el m\u00e1s bello del Mediterr\u00e1neo, con las maravillosas calas del Parque Marino de Monte Santo, escenario de famosas pel\u00edculas ambientadas aqu\u00ed y de sesiones fotogr\u00e1ficas publicadas en revistas de todo el mundo. El Arbatax Park est\u00e1 rodeado de una costa accidentada, donde se [&hellip;]<\/p>\n","protected":false},"author":7,"featured_media":0,"parent":0,"menu_order":20,"comment_status":"closed","ping_status":"closed","template":"template-sea.php","meta":{"footnotes":""},"class_list":["post-111","page","type-page","status-publish","hentry"],"yoast_head":"<!-- This site is optimized with the Yoast SEO plugin v26.9 - https:\/\/yoast.com\/product\/yoast-seo-wordpress\/ -->\n<title>Mar - Telis<\/title>\n<meta name=\"robots\" content=\"index, follow, max-snippet:-1, max-image-preview:large, max-video-preview:-1\" \/>\n<link rel=\"canonical\" href=\"https:\/\/www.telisarbatax.com\/es\/mar\/\" \/>\n<meta property=\"og:locale\" content=\"es_ES\" \/>\n<meta property=\"og:type\" content=\"article\" \/>\n<meta property=\"og:title\" content=\"Mar - Telis\" \/>\n<meta property=\"og:description\" content=\"El Arbatax Park est\u00e1 ba\u00f1ado por el maravilloso mar de Ogliastra, considerado el m\u00e1s bello del Mediterr\u00e1neo, con las maravillosas calas del Parque Marino de Monte Santo, escenario de famosas pel\u00edculas ambientadas aqu\u00ed y de sesiones fotogr\u00e1ficas publicadas en revistas de todo el mundo. El Arbatax Park est\u00e1 rodeado de una costa accidentada, donde se [&hellip;]\" \/>\n<meta property=\"og:url\" content=\"https:\/\/www.telisarbatax.com\/es\/mar\/\" \/>\n<meta property=\"og:site_name\" content=\"Telis\" \/>\n<meta property=\"article:modified_time\" content=\"2022-06-21T16:21:55+00:00\" \/>\n<meta name=\"twitter:card\" content=\"summary_large_image\" \/>\n<meta name=\"twitter:label1\" content=\"Tiempo de lectura\" \/>\n\t<meta name=\"twitter:data1\" content=\"1 minuto\" \/>\n<script type=\"application\/ld+json\" class=\"yoast-schema-graph\">{\"@context\":\"https:\/\/schema.org\",\"@graph\":[{\"@type\":\"WebPage\",\"@id\":\"https:\/\/www.telisarbatax.com\/es\/mar\/\",\"url\":\"https:\/\/www.telisarbatax.com\/es\/mar\/\",\"name\":\"Mar - Telis\",\"isPartOf\":{\"@id\":\"https:\/\/www.telisarbatax.com\/es\/#website\"},\"datePublished\":\"2021-01-28T09:43:35+00:00\",\"dateModified\":\"2022-06-21T16:21:55+00:00\",\"breadcrumb\":{\"@id\":\"https:\/\/www.telisarbatax.com\/es\/mar\/#breadcrumb\"},\"inLanguage\":\"es\",\"potentialAction\":[{\"@type\":\"ReadAction\",\"target\":[\"https:\/\/www.telisarbatax.com\/es\/mar\/\"]}]},{\"@type\":\"BreadcrumbList\",\"@id\":\"https:\/\/www.telisarbatax.com\/es\/mar\/#breadcrumb\",\"itemListElement\":[{\"@type\":\"ListItem\",\"position\":1,\"name\":\"Home\",\"item\":\"https:\/\/www.telisarbatax.com\/es\/\"},{\"@type\":\"ListItem\",\"position\":2,\"name\":\"Mar\"}]},{\"@type\":\"WebSite\",\"@id\":\"https:\/\/www.telisarbatax.com\/es\/#website\",\"url\":\"https:\/\/www.telisarbatax.com\/es\/\",\"name\":\"Telis\",\"description\":\"Just another ms.decms.eu site\",\"potentialAction\":[{\"@type\":\"SearchAction\",\"target\":{\"@type\":\"EntryPoint\",\"urlTemplate\":\"https:\/\/www.telisarbatax.com\/es\/?s={search_term_string}\"},\"query-input\":{\"@type\":\"PropertyValueSpecification\",\"valueRequired\":true,\"valueName\":\"search_term_string\"}}],\"inLanguage\":\"es\"}]}<\/script>\n<!-- \/ Yoast SEO plugin. -->","yoast_head_json":{"title":"Mar - Telis","robots":{"index":"index","follow":"follow","max-snippet":"max-snippet:-1","max-image-preview":"max-image-preview:large","max-video-preview":"max-video-preview:-1"},"canonical":"https:\/\/www.telisarbatax.com\/es\/mar\/","og_locale":"es_ES","og_type":"article","og_title":"Mar - Telis","og_description":"El Arbatax Park est\u00e1 ba\u00f1ado por el maravilloso mar de Ogliastra, considerado el m\u00e1s bello del Mediterr\u00e1neo, con las maravillosas calas del Parque Marino de Monte Santo, escenario de famosas pel\u00edculas ambientadas aqu\u00ed y de sesiones fotogr\u00e1ficas publicadas en revistas de todo el mundo. El Arbatax Park est\u00e1 rodeado de una costa accidentada, donde se [&hellip;]","og_url":"https:\/\/www.telisarbatax.com\/es\/mar\/","og_site_name":"Telis","article_modified_time":"2022-06-21T16:21:55+00:00","twitter_card":"summary_large_image","twitter_misc":{"Tiempo de lectura":"1 minuto"},"schema":{"@context":"https:\/\/schema.org","@graph":[{"@type":"WebPage","@id":"https:\/\/www.telisarbatax.com\/es\/mar\/","url":"https:\/\/www.telisarbatax.com\/es\/mar\/","name":"Mar - Telis","isPartOf":{"@id":"https:\/\/www.telisarbatax.com\/es\/#website"},"datePublished":"2021-01-28T09:43:35+00:00","dateModified":"2022-06-21T16:21:55+00:00","breadcrumb":{"@id":"https:\/\/www.telisarbatax.com\/es\/mar\/#breadcrumb"},"inLanguage":"es","potentialAction":[{"@type":"ReadAction","target":["https:\/\/www.telisarbatax.com\/es\/mar\/"]}]},{"@type":"BreadcrumbList","@id":"https:\/\/www.telisarbatax.com\/es\/mar\/#breadcrumb","itemListElement":[{"@type":"ListItem","position":1,"name":"Home","item":"https:\/\/www.telisarbatax.com\/es\/"},{"@type":"ListItem","position":2,"name":"Mar"}]},{"@type":"WebSite","@id":"https:\/\/www.telisarbatax.com\/es\/#website","url":"https:\/\/www.telisarbatax.com\/es\/","name":"Telis","description":"Just another ms.decms.eu site","potentialAction":[{"@type":"SearchAction","target":{"@type":"EntryPoint","urlTemplate":"https:\/\/www.telisarbatax.com\/es\/?s={search_term_string}"},"query-input":{"@type":"PropertyValueSpecification","valueRequired":true,"valueName":"search_term_string"}}],"inLanguage":"es"}]}},"acf":[],"_links":{"self":[{"href":"https:\/\/www.telisarbatax.com\/es\/wp-json\/wp\/v2\/pages\/111","targetHints":{"allow":["GET"]}}],"collection":[{"href":"https:\/\/www.telisarbatax.com\/es\/wp-json\/wp\/v2\/pages"}],"about":[{"href":"https:\/\/www.telisarbatax.com\/es\/wp-json\/wp\/v2\/types\/page"}],"author":[{"embeddable":true,"href":"https:\/\/www.telisarbatax.com\/es\/wp-json\/wp\/v2\/users\/7"}],"replies":[{"embeddable":true,"href":"https:\/\/www.telisarbatax.com\/es\/wp-json\/wp\/v2\/comments?post=111"}],"version-history":[{"count":0,"href":"https:\/\/www.telisarbatax.com\/es\/wp-json\/wp\/v2\/pages\/111\/revisions"}],"wp:attachment":[{"href":"https:\/\/www.telisarbatax.com\/es\/wp-json\/wp\/v2\/media?parent=111"}],"curies":[{"name":"wp","href":"https:\/\/api.w.org\/{rel}","templated":true}]}}