{"id":45,"date":"2021-01-21T10:10:31","date_gmt":"2021-01-21T10:10:31","guid":{"rendered":"http:\/\/telis.ms.decms.eu\/?page_id=45"},"modified":"2023-06-10T13:39:16","modified_gmt":"2023-06-10T13:39:16","slug":"habitaciones","status":"publish","type":"page","link":"https:\/\/www.telisarbatax.com\/es\/habitaciones\/","title":{"rendered":"Habitaciones"},"content":{"rendered":"<p>El Telis est\u00e1 situado en el extremo de la pen\u00ednsula de Bellavista, en una gran colina de exuberante vegetaci\u00f3n que desciende hasta el mar, y consta de 311 habitaciones divididas en los siguientes tipos: Classic, Superior y Comunicadas. Amuebladas en estilo mediterr\u00e1neo y totalmente totalmente inmersas en la vegetaci\u00f3n, pueden acomodar hasta 5 personas.<\/p>\n<p>El coraz\u00f3n de Telis es la gran plaza alrededor de la cual se desarrollan <strong>todos los servicios principales<\/strong>, piscinas, bares y restaurantes. Los hu\u00e9spedes del Telis pueden comer en el <strong>Restaurante La Terrazza o en el Restaurante La Piazzetta<\/strong>, o previa reserva y pago, en los otros restaurantes del <strong>Arbatax Park Resort<\/strong>.<\/p>\n<p>La conexi\u00f3n Wi-Fi es gratuita en las zonas comunes. <strong>Reservando directamente en nuestra web podr\u00edais disfrutar de ventajas especiales y exclusivas<\/strong> como el uso gratuito de ida y vuelta servicio de transporte colectivo para los aeropuertos de Cagliari y Olbia con una estancia m\u00ednima de 7 noches. Adem\u00e1s, los hu\u00e9spedes que eligen pasar una estancia de una semana con nosotros recibir\u00e1 una entrada gratuita por adulto en la nuestra hermosa SPA.<\/p>\n","protected":false},"excerpt":{"rendered":"<p>El Telis est\u00e1 situado en el extremo de la pen\u00ednsula de Bellavista, en una gran colina de exuberante vegetaci\u00f3n que desciende hasta el mar, y consta de 311 habitaciones divididas en los siguientes tipos: Classic, Superior y Comunicadas. Amuebladas en estilo mediterr\u00e1neo y totalmente totalmente inmersas en la vegetaci\u00f3n, pueden acomodar hasta 5 personas. El [&hellip;]<\/p>\n","protected":false},"author":7,"featured_media":0,"parent":0,"menu_order":5,"comment_status":"closed","ping_status":"closed","template":"template-rooms.php","meta":{"footnotes":""},"class_list":["post-45","page","type-page","status-publish","hentry"],"yoast_head":"<!-- This site is optimized with the Yoast SEO plugin v26.9 - https:\/\/yoast.com\/product\/yoast-seo-wordpress\/ -->\n<title>Habitaciones - Telis<\/title>\n<meta name=\"robots\" content=\"index, follow, max-snippet:-1, max-image-preview:large, max-video-preview:-1\" \/>\n<link rel=\"canonical\" href=\"https:\/\/www.telisarbatax.com\/es\/habitaciones\/\" \/>\n<meta property=\"og:locale\" content=\"es_ES\" \/>\n<meta property=\"og:type\" content=\"article\" \/>\n<meta property=\"og:title\" content=\"Habitaciones - Telis\" \/>\n<meta property=\"og:description\" content=\"El Telis est\u00e1 situado en el extremo de la pen\u00ednsula de Bellavista, en una gran colina de exuberante vegetaci\u00f3n que desciende hasta el mar, y consta de 311 habitaciones divididas en los siguientes tipos: Classic, Superior y Comunicadas. Amuebladas en estilo mediterr\u00e1neo y totalmente totalmente inmersas en la vegetaci\u00f3n, pueden acomodar hasta 5 personas. El [&hellip;]\" \/>\n<meta property=\"og:url\" content=\"https:\/\/www.telisarbatax.com\/es\/habitaciones\/\" \/>\n<meta property=\"og:site_name\" content=\"Telis\" \/>\n<meta property=\"article:modified_time\" content=\"2023-06-10T13:39:16+00:00\" \/>\n<meta name=\"twitter:card\" content=\"summary_large_image\" \/>\n<meta name=\"twitter:label1\" content=\"Tiempo de lectura\" \/>\n\t<meta name=\"twitter:data1\" content=\"1 minuto\" \/>\n<script type=\"application\/ld+json\" class=\"yoast-schema-graph\">{\"@context\":\"https:\/\/schema.org\",\"@graph\":[{\"@type\":\"WebPage\",\"@id\":\"https:\/\/www.telisarbatax.com\/es\/habitaciones\/\",\"url\":\"https:\/\/www.telisarbatax.com\/es\/habitaciones\/\",\"name\":\"Habitaciones - Telis\",\"isPartOf\":{\"@id\":\"https:\/\/www.telisarbatax.com\/es\/#website\"},\"datePublished\":\"2021-01-21T10:10:31+00:00\",\"dateModified\":\"2023-06-10T13:39:16+00:00\",\"breadcrumb\":{\"@id\":\"https:\/\/www.telisarbatax.com\/es\/habitaciones\/#breadcrumb\"},\"inLanguage\":\"es\",\"potentialAction\":[{\"@type\":\"ReadAction\",\"target\":[\"https:\/\/www.telisarbatax.com\/es\/habitaciones\/\"]}]},{\"@type\":\"BreadcrumbList\",\"@id\":\"https:\/\/www.telisarbatax.com\/es\/habitaciones\/#breadcrumb\",\"itemListElement\":[{\"@type\":\"ListItem\",\"position\":1,\"name\":\"Home\",\"item\":\"https:\/\/www.telisarbatax.com\/es\/\"},{\"@type\":\"ListItem\",\"position\":2,\"name\":\"Habitaciones\"}]},{\"@type\":\"WebSite\",\"@id\":\"https:\/\/www.telisarbatax.com\/es\/#website\",\"url\":\"https:\/\/www.telisarbatax.com\/es\/\",\"name\":\"Telis\",\"description\":\"Just another ms.decms.eu site\",\"potentialAction\":[{\"@type\":\"SearchAction\",\"target\":{\"@type\":\"EntryPoint\",\"urlTemplate\":\"https:\/\/www.telisarbatax.com\/es\/?s={search_term_string}\"},\"query-input\":{\"@type\":\"PropertyValueSpecification\",\"valueRequired\":true,\"valueName\":\"search_term_string\"}}],\"inLanguage\":\"es\"}]}<\/script>\n<!-- \/ Yoast SEO plugin. -->","yoast_head_json":{"title":"Habitaciones - Telis","robots":{"index":"index","follow":"follow","max-snippet":"max-snippet:-1","max-image-preview":"max-image-preview:large","max-video-preview":"max-video-preview:-1"},"canonical":"https:\/\/www.telisarbatax.com\/es\/habitaciones\/","og_locale":"es_ES","og_type":"article","og_title":"Habitaciones - Telis","og_description":"El Telis est\u00e1 situado en el extremo de la pen\u00ednsula de Bellavista, en una gran colina de exuberante vegetaci\u00f3n que desciende hasta el mar, y consta de 311 habitaciones divididas en los siguientes tipos: Classic, Superior y Comunicadas. Amuebladas en estilo mediterr\u00e1neo y totalmente totalmente inmersas en la vegetaci\u00f3n, pueden acomodar hasta 5 personas. El [&hellip;]","og_url":"https:\/\/www.telisarbatax.com\/es\/habitaciones\/","og_site_name":"Telis","article_modified_time":"2023-06-10T13:39:16+00:00","twitter_card":"summary_large_image","twitter_misc":{"Tiempo de lectura":"1 minuto"},"schema":{"@context":"https:\/\/schema.org","@graph":[{"@type":"WebPage","@id":"https:\/\/www.telisarbatax.com\/es\/habitaciones\/","url":"https:\/\/www.telisarbatax.com\/es\/habitaciones\/","name":"Habitaciones - Telis","isPartOf":{"@id":"https:\/\/www.telisarbatax.com\/es\/#website"},"datePublished":"2021-01-21T10:10:31+00:00","dateModified":"2023-06-10T13:39:16+00:00","breadcrumb":{"@id":"https:\/\/www.telisarbatax.com\/es\/habitaciones\/#breadcrumb"},"inLanguage":"es","potentialAction":[{"@type":"ReadAction","target":["https:\/\/www.telisarbatax.com\/es\/habitaciones\/"]}]},{"@type":"BreadcrumbList","@id":"https:\/\/www.telisarbatax.com\/es\/habitaciones\/#breadcrumb","itemListElement":[{"@type":"ListItem","position":1,"name":"Home","item":"https:\/\/www.telisarbatax.com\/es\/"},{"@type":"ListItem","position":2,"name":"Habitaciones"}]},{"@type":"WebSite","@id":"https:\/\/www.telisarbatax.com\/es\/#website","url":"https:\/\/www.telisarbatax.com\/es\/","name":"Telis","description":"Just another ms.decms.eu site","potentialAction":[{"@type":"SearchAction","target":{"@type":"EntryPoint","urlTemplate":"https:\/\/www.telisarbatax.com\/es\/?s={search_term_string}"},"query-input":{"@type":"PropertyValueSpecification","valueRequired":true,"valueName":"search_term_string"}}],"inLanguage":"es"}]}},"acf":[],"_links":{"self":[{"href":"https:\/\/www.telisarbatax.com\/es\/wp-json\/wp\/v2\/pages\/45","targetHints":{"allow":["GET"]}}],"collection":[{"href":"https:\/\/www.telisarbatax.com\/es\/wp-json\/wp\/v2\/pages"}],"about":[{"href":"https:\/\/www.telisarbatax.com\/es\/wp-json\/wp\/v2\/types\/page"}],"author":[{"embeddable":true,"href":"https:\/\/www.telisarbatax.com\/es\/wp-json\/wp\/v2\/users\/7"}],"replies":[{"embeddable":true,"href":"https:\/\/www.telisarbatax.com\/es\/wp-json\/wp\/v2\/comments?post=45"}],"version-history":[{"count":0,"href":"https:\/\/www.telisarbatax.com\/es\/wp-json\/wp\/v2\/pages\/45\/revisions"}],"wp:attachment":[{"href":"https:\/\/www.telisarbatax.com\/es\/wp-json\/wp\/v2\/media?parent=45"}],"curies":[{"name":"wp","href":"https:\/\/api.w.org\/{rel}","templated":true}]}}