{"id":7,"date":"2021-01-19T13:05:33","date_gmt":"2021-01-19T13:05:33","guid":{"rendered":"http:\/\/telis.ms.decms.eu\/?page_id=7"},"modified":"2021-03-29T09:04:03","modified_gmt":"2021-03-29T09:04:03","slug":"telis","status":"publish","type":"page","link":"https:\/\/www.telisarbatax.com\/es\/","title":{"rendered":"Telis"},"content":{"rendered":"<p>En las laderas de la amplia colina de la <strong>pen\u00ednsula de Bellavista<\/strong>, inmersas en los colores del <strong>maquis mediterr\u00e1neo<\/strong>, las blancas paredes del <strong>Telis<\/strong> destacan sobre el verde exuberante de los jardines, el azul infinito del mar y las encantadoras cascadas de <strong>buganvillas<\/strong> en flor.<\/p>\n<p>Un <strong>entorno acogedor<\/strong> para toda la familia y el coraz\u00f3n de todo el complejo. Un lugar \u00fanico donde la <strong>tradici\u00f3n<\/strong> y el bienestar se encuentran en casa y donde el concepto de relajaci\u00f3n se combina con el descubrimiento de la <strong>naturaleza salvaje<\/strong> que lo rodea.<\/p>\n","protected":false},"excerpt":{"rendered":"<p>En las laderas de la amplia colina de la pen\u00ednsula de Bellavista, inmersas en los colores del maquis mediterr\u00e1neo, las blancas paredes del Telis destacan sobre el verde exuberante de los jardines, el azul infinito del mar y las encantadoras cascadas de buganvillas en flor. Un entorno acogedor para toda la familia y el coraz\u00f3n [&hellip;]<\/p>\n","protected":false},"author":17,"featured_media":0,"parent":0,"menu_order":10,"comment_status":"closed","ping_status":"open","template":"","meta":{"footnotes":""},"class_list":["post-7","page","type-page","status-publish","hentry"],"yoast_head":"<!-- This site is optimized with the Yoast SEO plugin v26.9 - https:\/\/yoast.com\/product\/yoast-seo-wordpress\/ -->\n<title>Telis - Telis<\/title>\n<meta name=\"robots\" content=\"index, follow, max-snippet:-1, max-image-preview:large, max-video-preview:-1\" \/>\n<link rel=\"canonical\" href=\"https:\/\/www.telisarbatax.com\/es\/\" \/>\n<meta property=\"og:locale\" content=\"es_ES\" \/>\n<meta property=\"og:type\" content=\"article\" \/>\n<meta property=\"og:title\" content=\"Telis - Telis\" \/>\n<meta property=\"og:description\" content=\"En las laderas de la amplia colina de la pen\u00ednsula de Bellavista, inmersas en los colores del maquis mediterr\u00e1neo, las blancas paredes del Telis destacan sobre el verde exuberante de los jardines, el azul infinito del mar y las encantadoras cascadas de buganvillas en flor. Un entorno acogedor para toda la familia y el coraz\u00f3n [&hellip;]\" \/>\n<meta property=\"og:url\" content=\"https:\/\/www.telisarbatax.com\/es\/\" \/>\n<meta property=\"og:site_name\" content=\"Telis\" \/>\n<meta property=\"article:modified_time\" content=\"2021-03-29T09:04:03+00:00\" \/>\n<meta name=\"twitter:card\" content=\"summary_large_image\" \/>\n<script type=\"application\/ld+json\" class=\"yoast-schema-graph\">{\"@context\":\"https:\/\/schema.org\",\"@graph\":[{\"@type\":\"WebPage\",\"@id\":\"https:\/\/www.telisarbatax.com\/es\/\",\"url\":\"https:\/\/www.telisarbatax.com\/es\/\",\"name\":\"Telis - Telis\",\"isPartOf\":{\"@id\":\"https:\/\/www.telisarbatax.com\/es\/#website\"},\"datePublished\":\"2021-01-19T13:05:33+00:00\",\"dateModified\":\"2021-03-29T09:04:03+00:00\",\"breadcrumb\":{\"@id\":\"https:\/\/www.telisarbatax.com\/es\/#breadcrumb\"},\"inLanguage\":\"es\",\"potentialAction\":[{\"@type\":\"ReadAction\",\"target\":[\"https:\/\/www.telisarbatax.com\/es\/\"]}]},{\"@type\":\"BreadcrumbList\",\"@id\":\"https:\/\/www.telisarbatax.com\/es\/#breadcrumb\",\"itemListElement\":[{\"@type\":\"ListItem\",\"position\":1,\"name\":\"Home\",\"item\":\"https:\/\/www.telisarbatax.com\/es\/\"},{\"@type\":\"ListItem\",\"position\":2,\"name\":\"Telis\"}]},{\"@type\":\"WebSite\",\"@id\":\"https:\/\/www.telisarbatax.com\/es\/#website\",\"url\":\"https:\/\/www.telisarbatax.com\/es\/\",\"name\":\"Telis\",\"description\":\"Just another ms.decms.eu site\",\"potentialAction\":[{\"@type\":\"SearchAction\",\"target\":{\"@type\":\"EntryPoint\",\"urlTemplate\":\"https:\/\/www.telisarbatax.com\/es\/?s={search_term_string}\"},\"query-input\":{\"@type\":\"PropertyValueSpecification\",\"valueRequired\":true,\"valueName\":\"search_term_string\"}}],\"inLanguage\":\"es\"}]}<\/script>\n<!-- \/ Yoast SEO plugin. -->","yoast_head_json":{"title":"Telis - Telis","robots":{"index":"index","follow":"follow","max-snippet":"max-snippet:-1","max-image-preview":"max-image-preview:large","max-video-preview":"max-video-preview:-1"},"canonical":"https:\/\/www.telisarbatax.com\/es\/","og_locale":"es_ES","og_type":"article","og_title":"Telis - Telis","og_description":"En las laderas de la amplia colina de la pen\u00ednsula de Bellavista, inmersas en los colores del maquis mediterr\u00e1neo, las blancas paredes del Telis destacan sobre el verde exuberante de los jardines, el azul infinito del mar y las encantadoras cascadas de buganvillas en flor. Un entorno acogedor para toda la familia y el coraz\u00f3n [&hellip;]","og_url":"https:\/\/www.telisarbatax.com\/es\/","og_site_name":"Telis","article_modified_time":"2021-03-29T09:04:03+00:00","twitter_card":"summary_large_image","schema":{"@context":"https:\/\/schema.org","@graph":[{"@type":"WebPage","@id":"https:\/\/www.telisarbatax.com\/es\/","url":"https:\/\/www.telisarbatax.com\/es\/","name":"Telis - Telis","isPartOf":{"@id":"https:\/\/www.telisarbatax.com\/es\/#website"},"datePublished":"2021-01-19T13:05:33+00:00","dateModified":"2021-03-29T09:04:03+00:00","breadcrumb":{"@id":"https:\/\/www.telisarbatax.com\/es\/#breadcrumb"},"inLanguage":"es","potentialAction":[{"@type":"ReadAction","target":["https:\/\/www.telisarbatax.com\/es\/"]}]},{"@type":"BreadcrumbList","@id":"https:\/\/www.telisarbatax.com\/es\/#breadcrumb","itemListElement":[{"@type":"ListItem","position":1,"name":"Home","item":"https:\/\/www.telisarbatax.com\/es\/"},{"@type":"ListItem","position":2,"name":"Telis"}]},{"@type":"WebSite","@id":"https:\/\/www.telisarbatax.com\/es\/#website","url":"https:\/\/www.telisarbatax.com\/es\/","name":"Telis","description":"Just another ms.decms.eu site","potentialAction":[{"@type":"SearchAction","target":{"@type":"EntryPoint","urlTemplate":"https:\/\/www.telisarbatax.com\/es\/?s={search_term_string}"},"query-input":{"@type":"PropertyValueSpecification","valueRequired":true,"valueName":"search_term_string"}}],"inLanguage":"es"}]}},"acf":[],"_links":{"self":[{"href":"https:\/\/www.telisarbatax.com\/es\/wp-json\/wp\/v2\/pages\/7","targetHints":{"allow":["GET"]}}],"collection":[{"href":"https:\/\/www.telisarbatax.com\/es\/wp-json\/wp\/v2\/pages"}],"about":[{"href":"https:\/\/www.telisarbatax.com\/es\/wp-json\/wp\/v2\/types\/page"}],"author":[{"embeddable":true,"href":"https:\/\/www.telisarbatax.com\/es\/wp-json\/wp\/v2\/users\/17"}],"replies":[{"embeddable":true,"href":"https:\/\/www.telisarbatax.com\/es\/wp-json\/wp\/v2\/comments?post=7"}],"version-history":[{"count":0,"href":"https:\/\/www.telisarbatax.com\/es\/wp-json\/wp\/v2\/pages\/7\/revisions"}],"wp:attachment":[{"href":"https:\/\/www.telisarbatax.com\/es\/wp-json\/wp\/v2\/media?parent=7"}],"curies":[{"name":"wp","href":"https:\/\/api.w.org\/{rel}","templated":true}]}}