{"id":42,"date":"2021-01-21T09:58:55","date_gmt":"2021-01-21T09:58:55","guid":{"rendered":"http:\/\/telis.ms.decms.eu\/?page_id=42"},"modified":"2023-06-10T13:38:20","modified_gmt":"2023-06-10T13:38:20","slug":"chambres","status":"publish","type":"page","link":"https:\/\/www.telisarbatax.com\/fr\/chambres\/","title":{"rendered":"Chambres"},"content":{"rendered":"<p>Le Telis est situ\u00e9 \u00e0 l&rsquo;extr\u00e9mit\u00e9 de la p\u00e9ninsule de Bellavista, sur une grande colline au vert luxuriant qui descend vers la mer, et se compose de 311 chambres r\u00e9parties selon les types suivants : Classique, Sup\u00e9rieur et Communicant. Meubl\u00e9s dans un style m\u00e9diterran\u00e9en et totalement entour\u00e9s de v\u00e9g\u00e9tation, ils peuvent accueillir jusqu&rsquo;\u00e0 5 personnes.<\/p>\n<p>Le c\u0153ur du Telis est la grande place autour de laquelle se trouvent <strong>tous les principaux services du Resort<\/strong>, les piscines, les bars, les magasins et les restaurants. Les clients des Telis peuvent prendre leurs repas dans les <strong>restaurants La Terrazza ou La Piazzetta<\/strong> ou, sur r\u00e9servation et en suppl\u00e9ment, \u00e9galement dans les diff\u00e9rents restaurants de l\u2019<strong>Arbatax Park Resort<\/strong>. En raison de sa configuration et des nombreux services offerts, le Telis est sp\u00e9cialement appropri\u00e9 aux familles avec enfants.<\/p>\n<p>Le Wi-Fi gratuit est disponible dans les parties communes. <strong>En r\u00e9servant directement sur notre site web, vous profiterez de nombreux avantages exclusifs<\/strong>, comme le service gratuit de transfert collectif aller-retour pour les a\u00e9roports de Cagliari et Olbia avec un s\u00e9jour minimum de 7 nuits. En plus, si vous choisissez de passer au moins une semaine de s\u00e9jour avec nous, vous avrez en hommage une entr\u00e9e gratuite par adulte dans notre charmant Centre De Bien-\u00catre.<\/p>\n","protected":false},"excerpt":{"rendered":"<p>Le Telis est situ\u00e9 \u00e0 l&rsquo;extr\u00e9mit\u00e9 de la p\u00e9ninsule de Bellavista, sur une grande colline au vert luxuriant qui descend vers la mer, et se compose de 311 chambres r\u00e9parties selon les types suivants : Classique, Sup\u00e9rieur et Communicant. Meubl\u00e9s dans un style m\u00e9diterran\u00e9en et totalement entour\u00e9s de v\u00e9g\u00e9tation, ils peuvent accueillir jusqu&rsquo;\u00e0 5 personnes. [&hellip;]<\/p>\n","protected":false},"author":7,"featured_media":0,"parent":0,"menu_order":5,"comment_status":"closed","ping_status":"closed","template":"template-rooms.php","meta":{"footnotes":""},"class_list":["post-42","page","type-page","status-publish","hentry"],"yoast_head":"<!-- This site is optimized with the Yoast SEO plugin v26.9 - https:\/\/yoast.com\/product\/yoast-seo-wordpress\/ -->\n<title>Chambres - Telis<\/title>\n<meta name=\"robots\" content=\"index, follow, max-snippet:-1, max-image-preview:large, max-video-preview:-1\" \/>\n<link rel=\"canonical\" href=\"https:\/\/www.telisarbatax.com\/fr\/chambres\/\" \/>\n<meta property=\"og:locale\" content=\"fr_FR\" \/>\n<meta property=\"og:type\" content=\"article\" \/>\n<meta property=\"og:title\" content=\"Chambres - Telis\" \/>\n<meta property=\"og:description\" content=\"Le Telis est situ\u00e9 \u00e0 l&rsquo;extr\u00e9mit\u00e9 de la p\u00e9ninsule de Bellavista, sur une grande colline au vert luxuriant qui descend vers la mer, et se compose de 311 chambres r\u00e9parties selon les types suivants : Classique, Sup\u00e9rieur et Communicant. Meubl\u00e9s dans un style m\u00e9diterran\u00e9en et totalement entour\u00e9s de v\u00e9g\u00e9tation, ils peuvent accueillir jusqu&rsquo;\u00e0 5 personnes. [&hellip;]\" \/>\n<meta property=\"og:url\" content=\"https:\/\/www.telisarbatax.com\/fr\/chambres\/\" \/>\n<meta property=\"og:site_name\" content=\"Telis\" \/>\n<meta property=\"article:modified_time\" content=\"2023-06-10T13:38:20+00:00\" \/>\n<meta name=\"twitter:card\" content=\"summary_large_image\" \/>\n<meta name=\"twitter:label1\" content=\"Dur\u00e9e de lecture estim\u00e9e\" \/>\n\t<meta name=\"twitter:data1\" content=\"2 minutes\" \/>\n<script type=\"application\/ld+json\" class=\"yoast-schema-graph\">{\"@context\":\"https:\/\/schema.org\",\"@graph\":[{\"@type\":\"WebPage\",\"@id\":\"https:\/\/www.telisarbatax.com\/fr\/chambres\/\",\"url\":\"https:\/\/www.telisarbatax.com\/fr\/chambres\/\",\"name\":\"Chambres - Telis\",\"isPartOf\":{\"@id\":\"https:\/\/www.telisarbatax.com\/fr\/#website\"},\"datePublished\":\"2021-01-21T09:58:55+00:00\",\"dateModified\":\"2023-06-10T13:38:20+00:00\",\"breadcrumb\":{\"@id\":\"https:\/\/www.telisarbatax.com\/fr\/chambres\/#breadcrumb\"},\"inLanguage\":\"fr-FR\",\"potentialAction\":[{\"@type\":\"ReadAction\",\"target\":[\"https:\/\/www.telisarbatax.com\/fr\/chambres\/\"]}]},{\"@type\":\"BreadcrumbList\",\"@id\":\"https:\/\/www.telisarbatax.com\/fr\/chambres\/#breadcrumb\",\"itemListElement\":[{\"@type\":\"ListItem\",\"position\":1,\"name\":\"Home\",\"item\":\"https:\/\/www.telisarbatax.com\/fr\/\"},{\"@type\":\"ListItem\",\"position\":2,\"name\":\"Chambres\"}]},{\"@type\":\"WebSite\",\"@id\":\"https:\/\/www.telisarbatax.com\/fr\/#website\",\"url\":\"https:\/\/www.telisarbatax.com\/fr\/\",\"name\":\"Telis\",\"description\":\"Just another ms.decms.eu site\",\"potentialAction\":[{\"@type\":\"SearchAction\",\"target\":{\"@type\":\"EntryPoint\",\"urlTemplate\":\"https:\/\/www.telisarbatax.com\/fr\/?s={search_term_string}\"},\"query-input\":{\"@type\":\"PropertyValueSpecification\",\"valueRequired\":true,\"valueName\":\"search_term_string\"}}],\"inLanguage\":\"fr-FR\"}]}<\/script>\n<!-- \/ Yoast SEO plugin. -->","yoast_head_json":{"title":"Chambres - Telis","robots":{"index":"index","follow":"follow","max-snippet":"max-snippet:-1","max-image-preview":"max-image-preview:large","max-video-preview":"max-video-preview:-1"},"canonical":"https:\/\/www.telisarbatax.com\/fr\/chambres\/","og_locale":"fr_FR","og_type":"article","og_title":"Chambres - Telis","og_description":"Le Telis est situ\u00e9 \u00e0 l&rsquo;extr\u00e9mit\u00e9 de la p\u00e9ninsule de Bellavista, sur une grande colline au vert luxuriant qui descend vers la mer, et se compose de 311 chambres r\u00e9parties selon les types suivants : Classique, Sup\u00e9rieur et Communicant. Meubl\u00e9s dans un style m\u00e9diterran\u00e9en et totalement entour\u00e9s de v\u00e9g\u00e9tation, ils peuvent accueillir jusqu&rsquo;\u00e0 5 personnes. [&hellip;]","og_url":"https:\/\/www.telisarbatax.com\/fr\/chambres\/","og_site_name":"Telis","article_modified_time":"2023-06-10T13:38:20+00:00","twitter_card":"summary_large_image","twitter_misc":{"Dur\u00e9e de lecture estim\u00e9e":"2 minutes"},"schema":{"@context":"https:\/\/schema.org","@graph":[{"@type":"WebPage","@id":"https:\/\/www.telisarbatax.com\/fr\/chambres\/","url":"https:\/\/www.telisarbatax.com\/fr\/chambres\/","name":"Chambres - Telis","isPartOf":{"@id":"https:\/\/www.telisarbatax.com\/fr\/#website"},"datePublished":"2021-01-21T09:58:55+00:00","dateModified":"2023-06-10T13:38:20+00:00","breadcrumb":{"@id":"https:\/\/www.telisarbatax.com\/fr\/chambres\/#breadcrumb"},"inLanguage":"fr-FR","potentialAction":[{"@type":"ReadAction","target":["https:\/\/www.telisarbatax.com\/fr\/chambres\/"]}]},{"@type":"BreadcrumbList","@id":"https:\/\/www.telisarbatax.com\/fr\/chambres\/#breadcrumb","itemListElement":[{"@type":"ListItem","position":1,"name":"Home","item":"https:\/\/www.telisarbatax.com\/fr\/"},{"@type":"ListItem","position":2,"name":"Chambres"}]},{"@type":"WebSite","@id":"https:\/\/www.telisarbatax.com\/fr\/#website","url":"https:\/\/www.telisarbatax.com\/fr\/","name":"Telis","description":"Just another ms.decms.eu site","potentialAction":[{"@type":"SearchAction","target":{"@type":"EntryPoint","urlTemplate":"https:\/\/www.telisarbatax.com\/fr\/?s={search_term_string}"},"query-input":{"@type":"PropertyValueSpecification","valueRequired":true,"valueName":"search_term_string"}}],"inLanguage":"fr-FR"}]}},"acf":[],"_links":{"self":[{"href":"https:\/\/www.telisarbatax.com\/fr\/wp-json\/wp\/v2\/pages\/42","targetHints":{"allow":["GET"]}}],"collection":[{"href":"https:\/\/www.telisarbatax.com\/fr\/wp-json\/wp\/v2\/pages"}],"about":[{"href":"https:\/\/www.telisarbatax.com\/fr\/wp-json\/wp\/v2\/types\/page"}],"author":[{"embeddable":true,"href":"https:\/\/www.telisarbatax.com\/fr\/wp-json\/wp\/v2\/users\/7"}],"replies":[{"embeddable":true,"href":"https:\/\/www.telisarbatax.com\/fr\/wp-json\/wp\/v2\/comments?post=42"}],"version-history":[{"count":0,"href":"https:\/\/www.telisarbatax.com\/fr\/wp-json\/wp\/v2\/pages\/42\/revisions"}],"wp:attachment":[{"href":"https:\/\/www.telisarbatax.com\/fr\/wp-json\/wp\/v2\/media?parent=42"}],"curies":[{"name":"wp","href":"https:\/\/api.w.org\/{rel}","templated":true}]}}